{"id":1322,"date":"2022-12-13T22:26:32","date_gmt":"2022-12-14T06:26:32","guid":{"rendered":"https:\/\/cnib-beyondprint.ca\/my-account\/"},"modified":"2022-12-25T18:14:44","modified_gmt":"2022-12-26T02:14:44","slug":"mon-compte","status":"publish","type":"page","link":"https:\/\/cnib-beyondprint.ca\/fr\/mon-compte\/","title":{"rendered":"Mon Compte"},"content":{"rendered":"<div class=\"woocommerce\"><\/div>\n","protected":false},"excerpt":{"rendered":"","protected":false},"author":206625272,"featured_media":0,"parent":0,"menu_order":0,"comment_status":"closed","ping_status":"closed","template":"","meta":{"_gspb_post_css":"","inline_featured_image":false,"footnotes":""},"coauthors":[],"class_list":["post-1322","page","type-page","status-publish","hentry","entry"],"yoast_head":"<!-- This site is optimized with the Yoast SEO plugin v27.4 - https:\/\/yoast.com\/product\/yoast-seo-wordpress\/ -->\n<title>Mon Compte - CNIB Beyond Print<\/title>\n<meta name=\"robots\" content=\"index, follow, max-snippet:-1, max-image-preview:large, max-video-preview:-1\" \/>\n<link rel=\"canonical\" href=\"https:\/\/cnib-beyondprint.ca\/fr\/mon-compte\/\" \/>\n<meta property=\"og:locale\" content=\"fr_FR\" \/>\n<meta property=\"og:type\" content=\"article\" \/>\n<meta property=\"og:title\" content=\"Mon Compte - CNIB Beyond Print\" \/>\n<meta property=\"og:url\" content=\"https:\/\/cnib-beyondprint.ca\/fr\/mon-compte\/\" \/>\n<meta property=\"og:site_name\" content=\"CNIB Beyond Print\" \/>\n<meta property=\"article:publisher\" content=\"https:\/\/www.facebook.com\/myCNIB\/\" \/>\n<meta property=\"article:modified_time\" content=\"2022-12-26T02:14:44+00:00\" \/>\n<meta property=\"og:image\" content=\"https:\/\/cnib-beyondprint.ca\/wp-content\/uploads\/2022\/10\/beyond-print.png\" \/>\n\t<meta property=\"og:image:width\" content=\"480\" \/>\n\t<meta property=\"og:image:height\" content=\"153\" \/>\n\t<meta property=\"og:image:type\" content=\"image\/png\" \/>\n<meta name=\"twitter:card\" content=\"summary_large_image\" \/>\n<meta name=\"twitter:site\" content=\"@CNIB\" \/>\n<meta name=\"twitter:label1\" content=\"Written by\" \/>\n\t<meta name=\"twitter:data1\" content=\"Zari Sadeq\" \/>\n<script type=\"application\/ld+json\" class=\"yoast-schema-graph\">{\"@context\":\"https:\\\/\\\/schema.org\",\"@graph\":[{\"@type\":\"WebPage\",\"@id\":\"https:\\\/\\\/cnib-beyondprint.ca\\\/fr\\\/mon-compte\\\/\",\"url\":\"https:\\\/\\\/cnib-beyondprint.ca\\\/fr\\\/mon-compte\\\/\",\"name\":\"Mon Compte - CNIB Beyond Print\",\"isPartOf\":{\"@id\":\"https:\\\/\\\/cnib-beyondprint.ca\\\/#website\"},\"datePublished\":\"2022-12-14T06:26:32+00:00\",\"dateModified\":\"2022-12-26T02:14:44+00:00\",\"breadcrumb\":{\"@id\":\"https:\\\/\\\/cnib-beyondprint.ca\\\/fr\\\/mon-compte\\\/#breadcrumb\"},\"inLanguage\":\"fr-FR\",\"potentialAction\":[{\"@type\":\"ReadAction\",\"target\":[\"https:\\\/\\\/cnib-beyondprint.ca\\\/fr\\\/mon-compte\\\/\"]}]},{\"@type\":\"BreadcrumbList\",\"@id\":\"https:\\\/\\\/cnib-beyondprint.ca\\\/fr\\\/mon-compte\\\/#breadcrumb\",\"itemListElement\":[{\"@type\":\"ListItem\",\"position\":1,\"name\":\"Home\",\"item\":\"https:\\\/\\\/cnib-beyondprint.ca\\\/fr\\\/\"},{\"@type\":\"ListItem\",\"position\":2,\"name\":\"Mon Compte\"}]},{\"@type\":\"WebSite\",\"@id\":\"https:\\\/\\\/cnib-beyondprint.ca\\\/#website\",\"url\":\"https:\\\/\\\/cnib-beyondprint.ca\\\/\",\"name\":\"CNIB Beyond Print\",\"description\":\"\",\"publisher\":{\"@id\":\"https:\\\/\\\/cnib-beyondprint.ca\\\/#organization\"},\"potentialAction\":[{\"@type\":\"SearchAction\",\"target\":{\"@type\":\"EntryPoint\",\"urlTemplate\":\"https:\\\/\\\/cnib-beyondprint.ca\\\/?s={search_term_string}\"},\"query-input\":{\"@type\":\"PropertyValueSpecification\",\"valueRequired\":true,\"valueName\":\"search_term_string\"}}],\"inLanguage\":\"fr-FR\"},{\"@type\":\"Organization\",\"@id\":\"https:\\\/\\\/cnib-beyondprint.ca\\\/#organization\",\"name\":\"CNIB Beyond Print\",\"url\":\"https:\\\/\\\/cnib-beyondprint.ca\\\/\",\"logo\":{\"@type\":\"ImageObject\",\"inLanguage\":\"fr-FR\",\"@id\":\"https:\\\/\\\/cnib-beyondprint.ca\\\/#\\\/schema\\\/logo\\\/image\\\/\",\"url\":\"https:\\\/\\\/cnib-beyondprint.ca\\\/wp-content\\\/uploads\\\/2023\\\/01\\\/BEYOND_PRINT-LOGO_2Col_FRENCH-HORZ-2.webp\",\"contentUrl\":\"https:\\\/\\\/cnib-beyondprint.ca\\\/wp-content\\\/uploads\\\/2023\\\/01\\\/BEYOND_PRINT-LOGO_2Col_FRENCH-HORZ-2.webp\",\"width\":3526,\"height\":851,\"caption\":\"CNIB Beyond Print\"},\"image\":{\"@id\":\"https:\\\/\\\/cnib-beyondprint.ca\\\/#\\\/schema\\\/logo\\\/image\\\/\"},\"sameAs\":[\"https:\\\/\\\/www.facebook.com\\\/myCNIB\\\/\",\"https:\\\/\\\/x.com\\\/CNIB\",\"https:\\\/\\\/www.instagram.com\\\/cnibfoundation\\\/?hl=en\",\"https:\\\/\\\/www.linkedin.com\\\/company\\\/cnib\\\/\",\"https:\\\/\\\/www.youtube.com\\\/user\\\/cnibnatcomm\"]}]}<\/script>\n<!-- \/ Yoast SEO plugin. -->","yoast_head_json":{"title":"Mon Compte - CNIB Beyond Print","robots":{"index":"index","follow":"follow","max-snippet":"max-snippet:-1","max-image-preview":"max-image-preview:large","max-video-preview":"max-video-preview:-1"},"canonical":"https:\/\/cnib-beyondprint.ca\/fr\/mon-compte\/","og_locale":"fr_FR","og_type":"article","og_title":"Mon Compte - CNIB Beyond Print","og_url":"https:\/\/cnib-beyondprint.ca\/fr\/mon-compte\/","og_site_name":"CNIB Beyond Print","article_publisher":"https:\/\/www.facebook.com\/myCNIB\/","article_modified_time":"2022-12-26T02:14:44+00:00","og_image":[{"width":480,"height":153,"url":"https:\/\/cnib-beyondprint.ca\/wp-content\/uploads\/2022\/10\/beyond-print.png","type":"image\/png"}],"twitter_card":"summary_large_image","twitter_site":"@CNIB","twitter_misc":{"Written by":"Zari Sadeq"},"schema":{"@context":"https:\/\/schema.org","@graph":[{"@type":"WebPage","@id":"https:\/\/cnib-beyondprint.ca\/fr\/mon-compte\/","url":"https:\/\/cnib-beyondprint.ca\/fr\/mon-compte\/","name":"Mon Compte - CNIB Beyond Print","isPartOf":{"@id":"https:\/\/cnib-beyondprint.ca\/#website"},"datePublished":"2022-12-14T06:26:32+00:00","dateModified":"2022-12-26T02:14:44+00:00","breadcrumb":{"@id":"https:\/\/cnib-beyondprint.ca\/fr\/mon-compte\/#breadcrumb"},"inLanguage":"fr-FR","potentialAction":[{"@type":"ReadAction","target":["https:\/\/cnib-beyondprint.ca\/fr\/mon-compte\/"]}]},{"@type":"BreadcrumbList","@id":"https:\/\/cnib-beyondprint.ca\/fr\/mon-compte\/#breadcrumb","itemListElement":[{"@type":"ListItem","position":1,"name":"Home","item":"https:\/\/cnib-beyondprint.ca\/fr\/"},{"@type":"ListItem","position":2,"name":"Mon Compte"}]},{"@type":"WebSite","@id":"https:\/\/cnib-beyondprint.ca\/#website","url":"https:\/\/cnib-beyondprint.ca\/","name":"CNIB Beyond Print","description":"","publisher":{"@id":"https:\/\/cnib-beyondprint.ca\/#organization"},"potentialAction":[{"@type":"SearchAction","target":{"@type":"EntryPoint","urlTemplate":"https:\/\/cnib-beyondprint.ca\/?s={search_term_string}"},"query-input":{"@type":"PropertyValueSpecification","valueRequired":true,"valueName":"search_term_string"}}],"inLanguage":"fr-FR"},{"@type":"Organization","@id":"https:\/\/cnib-beyondprint.ca\/#organization","name":"CNIB Beyond Print","url":"https:\/\/cnib-beyondprint.ca\/","logo":{"@type":"ImageObject","inLanguage":"fr-FR","@id":"https:\/\/cnib-beyondprint.ca\/#\/schema\/logo\/image\/","url":"https:\/\/cnib-beyondprint.ca\/wp-content\/uploads\/2023\/01\/BEYOND_PRINT-LOGO_2Col_FRENCH-HORZ-2.webp","contentUrl":"https:\/\/cnib-beyondprint.ca\/wp-content\/uploads\/2023\/01\/BEYOND_PRINT-LOGO_2Col_FRENCH-HORZ-2.webp","width":3526,"height":851,"caption":"CNIB Beyond Print"},"image":{"@id":"https:\/\/cnib-beyondprint.ca\/#\/schema\/logo\/image\/"},"sameAs":["https:\/\/www.facebook.com\/myCNIB\/","https:\/\/x.com\/CNIB","https:\/\/www.instagram.com\/cnibfoundation\/?hl=en","https:\/\/www.linkedin.com\/company\/cnib\/","https:\/\/www.youtube.com\/user\/cnibnatcomm"]}]}},"jetpack_shortlink":"https:\/\/wp.me\/Pedf3Q-lk","jetpack-related-posts":[{"id":1711,"url":"https:\/\/cnib-beyondprint.ca\/fr\/inscrivez\/","url_meta":{"origin":1322,"position":0},"title":"Inscrivez-vous","author":"dikafei","date":"f\u00e9vrier 15, 2023","format":false,"excerpt":"Pr\u00e9nom Nom Adresse \u00e9lectronique Oui, je souhaite recevoir des messages \u00e9lectroniques conform\u00e9ment \u00e0 mon abonnement. Je comprends que je peux me d\u00e9sabonner \u00e0 tout moment.Inscrivez-vous","rel":"","context":"Article similaire","block_context":{"text":"Article similaire","link":""},"img":{"alt_text":"","src":"","width":0,"height":0},"classes":[]},{"id":1135,"url":"https:\/\/cnib-beyondprint.ca\/fr\/production-de-livres-sonores-faq\/","url_meta":{"origin":1322,"position":1},"title":"FAQ de la production de livres audio","author":"Zari Sadeq","date":"d\u00e9cembre 13, 2022","format":false,"excerpt":"Pourquoi mon organisation devrait-elle cr\u00e9er des livres audio? Les personnes aveugles ou ayant une d\u00e9ficience perceptuelle ont acc\u00e8s \u00e0 peu de livres. Moins de 10 % de tous les ouvrages publi\u00e9s au Canada sont offerts dans des formats qui sont \u00e0 leur port\u00e9e. En collaborant avec Au-del\u00e0 de l\u2019imprim\u00e9, vous\u2026","rel":"","context":"Article similaire","block_context":{"text":"Article similaire","link":""},"img":{"alt_text":"","src":"","width":0,"height":0},"classes":[]},{"id":1330,"url":"https:\/\/cnib-beyondprint.ca\/fr\/privacy-policy\/","url_meta":{"origin":1322,"position":2},"title":"Libell\u00e9 de politique de confidentialit\u00e9","author":"Zari Sadeq","date":"d\u00e9cembre 13, 2022","format":false,"excerpt":"Qui nous sommes L\u2019adresse de notre site Web est\u00a0: ABC Commentaires Lorsque des visiteurs laissent des commentaires sur le site, nous recueillons les donn\u00e9es fournies dans le formulaire de commentaires ainsi que l\u2019adresse IP du visiteur et la cha\u00eene d\u2019agent utilisateur du navigateur pour faciliter la d\u00e9tection de pourriels. Une\u2026","rel":"","context":"Article similaire","block_context":{"text":"Article similaire","link":""},"img":{"alt_text":"","src":"","width":0,"height":0},"classes":[]},{"id":1130,"url":"https:\/\/cnib-beyondprint.ca\/fr\/la-production-de-livres-sonores-accessibles\/","url_meta":{"origin":1322,"position":3},"title":"La production de livres audio accessibles","author":"Zari Sadeq","date":"d\u00e9cembre 13, 2022","format":false,"excerpt":"Pour une meilleure accessibilit\u00e9 des mots imprim\u00e9s Vous aimeriez produire un livre audio? Voici comment: Notre \u00e9quipe de production et nos narrateurs donneront une voix \u00e0 vos contenus en anglais ou en fran\u00e7ais. Notre \u00e9quipe de production vous conseillera afin de trouver la meilleure mani\u00e8re de d\u00e9crire les visuels de\u2026","rel":"","context":"Article similaire","block_context":{"text":"Article similaire","link":""},"img":{"alt_text":"","src":"","width":0,"height":0},"classes":[]}],"jetpack_sharing_enabled":true,"_links":{"self":[{"href":"https:\/\/cnib-beyondprint.ca\/fr\/wp-json\/wp\/v2\/pages\/1322","targetHints":{"allow":["GET"]}}],"collection":[{"href":"https:\/\/cnib-beyondprint.ca\/fr\/wp-json\/wp\/v2\/pages"}],"about":[{"href":"https:\/\/cnib-beyondprint.ca\/fr\/wp-json\/wp\/v2\/types\/page"}],"author":[{"embeddable":true,"href":"https:\/\/cnib-beyondprint.ca\/fr\/wp-json\/wp\/v2\/users\/206625272"}],"replies":[{"embeddable":true,"href":"https:\/\/cnib-beyondprint.ca\/fr\/wp-json\/wp\/v2\/comments?post=1322"}],"version-history":[{"count":2,"href":"https:\/\/cnib-beyondprint.ca\/fr\/wp-json\/wp\/v2\/pages\/1322\/revisions"}],"predecessor-version":[{"id":1468,"href":"https:\/\/cnib-beyondprint.ca\/fr\/wp-json\/wp\/v2\/pages\/1322\/revisions\/1468"}],"wp:attachment":[{"href":"https:\/\/cnib-beyondprint.ca\/fr\/wp-json\/wp\/v2\/media?parent=1322"}],"wp:term":[{"taxonomy":"author","embeddable":true,"href":"https:\/\/cnib-beyondprint.ca\/fr\/wp-json\/wp\/v2\/coauthors?post=1322"}],"curies":[{"name":"wp","href":"https:\/\/api.w.org\/{rel}","templated":true}]}}